{"id":3201,"date":"2023-02-01T08:56:00","date_gmt":"2023-02-01T08:56:00","guid":{"rendered":"https:\/\/www.casahoto.com\/imprimir\/"},"modified":"2023-04-16T10:23:55","modified_gmt":"2023-04-16T10:23:55","slug":"imprimir","status":"publish","type":"page","link":"https:\/\/www.casahoto.com\/es\/imprimir\/","title":{"rendered":"Imprimir"},"content":{"rendered":"<h1>Imprimir<\/h1>\n<p><b>Informaci\u00f3n acc. \u00a7 5 TMG:<\/b><\/p>\n<p>Dr. Hortencia Citlali Flores Estrella, Tobias Weil<\/p>\n<p>Kaiserdamm 32<\/p>\n<p>14057 Berlin<\/p>\n<p><b>Contacto:<\/b><\/p>\n<p>E-Mail: tobi[at]casahoto.com<\/p>\n<p><b>Descargo de responsabilidad:<\/b><\/p>\n<p><b>Responsabilidad del contenido<\/b><br \/>\nTodos los contenidos de nuestro sitio web han sido creados con el mayor cuidado y seg\u00fan nuestro leal saber y entender. Sin embargo, no podemos asumir ninguna responsabilidad por la exactitud, integridad y actualidad de los contenidos. Como proveedor de servicios, estamos sujetos a \u00a7 7 Abs.1 TMG responsable de su propio contenido en estas p\u00e1ginas de acuerdo con las leyes generales. Sin embargo, de acuerdo con los \u00a7\u00a7 8 a 10 TMG, no estamos obligados como proveedores de servicios a supervisar la informaci\u00f3n de terceros transmitida o almacenada ni a investigar circunstancias que indiquen una actividad ilegal. Esto no afecta a las obligaciones de eliminar o bloquear el uso de informaci\u00f3n de conformidad con las leyes generales.<br \/>\nSin embargo, la responsabilidad a este respecto s\u00f3lo es posible a partir del momento en que se tiene conocimiento de una infracci\u00f3n concreta de la ley. Si tenemos conocimiento de las infracciones mencionadas, eliminaremos estos contenidos inmediatamente.<\/p>\n<p><b>Limitaci\u00f3n de responsabilidad por enlaces externos<\/b><br \/>\nNuestro sitio web contiene enlaces a sitios web externos de terceros. No tenemos ninguna influencia sobre el contenido de estas p\u00e1ginas web enlazadas directa o indirectamente. Por lo tanto, no podemos garantizar la exactitud de los contenidos de los \u00abenlaces externos\u00bb. Los respectivos proveedores u operadores (autores) de las p\u00e1ginas son responsables de los contenidos de los enlaces externos.<br \/>\nLos enlaces externos se comprobaron para detectar posibles infracciones legales en el momento de enlazarlos y estaban libres de contenidos ilegales en el momento de enlazarlos. Una revisi\u00f3n constante de los contenidos de los enlaces externos no es posible sin pruebas concretas de una violaci\u00f3n de la ley. En el caso de enlaces directos o indirectos a p\u00e1ginas web de terceros que se encuentren fuera de nuestro \u00e1mbito de responsabilidad, s\u00f3lo existir\u00eda una obligaci\u00f3n de responsabilidad en el caso de que tuvi\u00e9ramos conocimiento de los contenidos y nos fuera t\u00e9cnicamente posible y razonable impedir su uso en el caso de contenidos ilegales.<br \/>\nEsta cl\u00e1usula de exenci\u00f3n de responsabilidad tambi\u00e9n se aplica a los enlaces y referencias establecidos por interrogadores, blogueros, invitados del foro de debate dentro de nuestra propia presencia en Internet \u00abNombre de su dominio\u00bb. La responsabilidad por el contenido ilegal, incorrecto o incompleto y, en particular, por los da\u00f1os derivados del uso o no uso de dicha informaci\u00f3n recae exclusivamente en el proveedor de servicios de la p\u00e1gina a la que se hace referencia, y no en la parte que simplemente remite a la publicaci\u00f3n respectiva a trav\u00e9s de enlaces.<br \/>\nSi tenemos conocimiento de alguna infracci\u00f3n legal, eliminaremos inmediatamente los enlaces externos.<\/p>\n<p><b>Copyright<\/b><br \/>\nLos contenidos y obras publicados en nuestro sitio web est\u00e1n sujetos a la legislaci\u00f3n alemana sobre derechos de autor. (http:\/\/www.gesetze-im-internet.de\/bundesrecht\/urhg\/gesamt.pdf) . La reproducci\u00f3n, adaptaci\u00f3n, distribuci\u00f3n y cualquier tipo de explotaci\u00f3n de la propiedad intelectual en vista ideal y material del autor fuera de los l\u00edmites de los derechos de autor requieren el consentimiento previo por escrito del autor respectivo en el sentido de la ley de derechos de autor. (http:\/\/www.gesetze-im-internet.de\/bundesrecht\/urhg\/gesamt.pdf ). Las descargas y copias de esta p\u00e1gina s\u00f3lo est\u00e1n permitidas para uso privado y no comercial. Si el contenido de nuestro sitio web no ha sido creado por nosotros, deber\u00e1n respetarse los derechos de autor de terceros. Los contenidos de terceros se identifican como tales. No obstante, si tiene conocimiento de una infracci\u00f3n de los derechos de autor, le rogamos que nos lo comunique. Si tenemos conocimiento de alguna infracci\u00f3n, eliminaremos dicho contenido inmediatamente.<\/p>\n<p>web<\/p>\n","protected":false},"excerpt":{"rendered":"<p>Imprimir Informaci\u00f3n acc. \u00a7 5 TMG: Dr. Hortencia Citlali Flores Estrella, Tobias Weil Kaiserdamm 32 14057 Berlin Contacto: E-Mail: tobi[at]casahoto.com Descargo de responsabilidad: Responsabilidad del contenido Todos los contenidos de nuestro sitio web han sido creados con el mayor cuidado [&hellip;]<\/p>\n","protected":false},"author":1,"featured_media":0,"parent":0,"menu_order":0,"comment_status":"closed","ping_status":"closed","template":"elementor_header_footer","meta":{"footnotes":""},"class_list":["post-3201","page","type-page","status-publish","hentry"],"yoast_head":"<!-- This site is optimized with the Yoast SEO plugin v25.6 - https:\/\/yoast.com\/wordpress\/plugins\/seo\/ -->\n<title>Imprimir - Casa HoTo<\/title>\n<meta name=\"description\" content=\"Imprimir\" \/>\n<meta name=\"robots\" content=\"index, follow, max-snippet:-1, max-image-preview:large, max-video-preview:-1\" \/>\n<link rel=\"canonical\" href=\"https:\/\/www.casahoto.com\/es\/imprimir\/\" \/>\n<meta property=\"og:locale\" content=\"es_ES\" \/>\n<meta property=\"og:type\" content=\"article\" \/>\n<meta property=\"og:title\" content=\"Imprimir - Casa HoTo\" \/>\n<meta property=\"og:description\" content=\"Imprimir\" \/>\n<meta property=\"og:url\" content=\"https:\/\/www.casahoto.com\/es\/imprimir\/\" \/>\n<meta property=\"og:site_name\" content=\"Casa HoTo\" \/>\n<meta property=\"article:modified_time\" content=\"2023-04-16T10:23:55+00:00\" \/>\n<meta name=\"twitter:card\" content=\"summary_large_image\" \/>\n<meta name=\"twitter:label1\" content=\"Tiempo de lectura\" \/>\n\t<meta name=\"twitter:data1\" content=\"3 minutos\" \/>\n<script type=\"application\/ld+json\" class=\"yoast-schema-graph\">{\"@context\":\"https:\/\/schema.org\",\"@graph\":[{\"@type\":\"WebPage\",\"@id\":\"https:\/\/www.casahoto.com\/es\/imprimir\/\",\"url\":\"https:\/\/www.casahoto.com\/es\/imprimir\/\",\"name\":\"Imprimir - Casa HoTo\",\"isPartOf\":{\"@id\":\"https:\/\/www.casahoto.com\/#website\"},\"datePublished\":\"2023-02-01T08:56:00+00:00\",\"dateModified\":\"2023-04-16T10:23:55+00:00\",\"description\":\"Imprimir\",\"breadcrumb\":{\"@id\":\"https:\/\/www.casahoto.com\/es\/imprimir\/#breadcrumb\"},\"inLanguage\":\"es\",\"potentialAction\":[{\"@type\":\"ReadAction\",\"target\":[\"https:\/\/www.casahoto.com\/es\/imprimir\/\"]}]},{\"@type\":\"BreadcrumbList\",\"@id\":\"https:\/\/www.casahoto.com\/es\/imprimir\/#breadcrumb\",\"itemListElement\":[{\"@type\":\"ListItem\",\"position\":1,\"name\":\"Startseite\",\"item\":\"https:\/\/www.casahoto.com\/es\/\"},{\"@type\":\"ListItem\",\"position\":2,\"name\":\"Imprimir\"}]},{\"@type\":\"WebSite\",\"@id\":\"https:\/\/www.casahoto.com\/#website\",\"url\":\"https:\/\/www.casahoto.com\/\",\"name\":\"Casa HoTo\",\"description\":\"Traumhaus in Merida\",\"publisher\":{\"@id\":\"https:\/\/www.casahoto.com\/#\/schema\/person\/d759393b32abb4560a15d730112e7695\"},\"potentialAction\":[{\"@type\":\"SearchAction\",\"target\":{\"@type\":\"EntryPoint\",\"urlTemplate\":\"https:\/\/www.casahoto.com\/?s={search_term_string}\"},\"query-input\":{\"@type\":\"PropertyValueSpecification\",\"valueRequired\":true,\"valueName\":\"search_term_string\"}}],\"inLanguage\":\"es\"},{\"@type\":[\"Person\",\"Organization\"],\"@id\":\"https:\/\/www.casahoto.com\/#\/schema\/person\/d759393b32abb4560a15d730112e7695\",\"name\":\"Tobias Weil\",\"image\":{\"@type\":\"ImageObject\",\"inLanguage\":\"es\",\"@id\":\"https:\/\/www.casahoto.com\/#\/schema\/person\/image\/\",\"url\":\"https:\/\/secure.gravatar.com\/avatar\/d4bcc794544aae69606b6db9b3204ae9?s=96&d=mm&r=g\",\"contentUrl\":\"https:\/\/secure.gravatar.com\/avatar\/d4bcc794544aae69606b6db9b3204ae9?s=96&d=mm&r=g\",\"caption\":\"Tobias Weil\"},\"logo\":{\"@id\":\"https:\/\/www.casahoto.com\/#\/schema\/person\/image\/\"},\"sameAs\":[\"http:\/\/casahoto.com\"]}]}<\/script>\n<!-- \/ Yoast SEO plugin. -->","yoast_head_json":{"title":"Imprimir - Casa HoTo","description":"Imprimir","robots":{"index":"index","follow":"follow","max-snippet":"max-snippet:-1","max-image-preview":"max-image-preview:large","max-video-preview":"max-video-preview:-1"},"canonical":"https:\/\/www.casahoto.com\/es\/imprimir\/","og_locale":"es_ES","og_type":"article","og_title":"Imprimir - Casa HoTo","og_description":"Imprimir","og_url":"https:\/\/www.casahoto.com\/es\/imprimir\/","og_site_name":"Casa HoTo","article_modified_time":"2023-04-16T10:23:55+00:00","twitter_card":"summary_large_image","twitter_misc":{"Tiempo de lectura":"3 minutos"},"schema":{"@context":"https:\/\/schema.org","@graph":[{"@type":"WebPage","@id":"https:\/\/www.casahoto.com\/es\/imprimir\/","url":"https:\/\/www.casahoto.com\/es\/imprimir\/","name":"Imprimir - Casa HoTo","isPartOf":{"@id":"https:\/\/www.casahoto.com\/#website"},"datePublished":"2023-02-01T08:56:00+00:00","dateModified":"2023-04-16T10:23:55+00:00","description":"Imprimir","breadcrumb":{"@id":"https:\/\/www.casahoto.com\/es\/imprimir\/#breadcrumb"},"inLanguage":"es","potentialAction":[{"@type":"ReadAction","target":["https:\/\/www.casahoto.com\/es\/imprimir\/"]}]},{"@type":"BreadcrumbList","@id":"https:\/\/www.casahoto.com\/es\/imprimir\/#breadcrumb","itemListElement":[{"@type":"ListItem","position":1,"name":"Startseite","item":"https:\/\/www.casahoto.com\/es\/"},{"@type":"ListItem","position":2,"name":"Imprimir"}]},{"@type":"WebSite","@id":"https:\/\/www.casahoto.com\/#website","url":"https:\/\/www.casahoto.com\/","name":"Casa HoTo","description":"Traumhaus in Merida","publisher":{"@id":"https:\/\/www.casahoto.com\/#\/schema\/person\/d759393b32abb4560a15d730112e7695"},"potentialAction":[{"@type":"SearchAction","target":{"@type":"EntryPoint","urlTemplate":"https:\/\/www.casahoto.com\/?s={search_term_string}"},"query-input":{"@type":"PropertyValueSpecification","valueRequired":true,"valueName":"search_term_string"}}],"inLanguage":"es"},{"@type":["Person","Organization"],"@id":"https:\/\/www.casahoto.com\/#\/schema\/person\/d759393b32abb4560a15d730112e7695","name":"Tobias Weil","image":{"@type":"ImageObject","inLanguage":"es","@id":"https:\/\/www.casahoto.com\/#\/schema\/person\/image\/","url":"https:\/\/secure.gravatar.com\/avatar\/d4bcc794544aae69606b6db9b3204ae9?s=96&d=mm&r=g","contentUrl":"https:\/\/secure.gravatar.com\/avatar\/d4bcc794544aae69606b6db9b3204ae9?s=96&d=mm&r=g","caption":"Tobias Weil"},"logo":{"@id":"https:\/\/www.casahoto.com\/#\/schema\/person\/image\/"},"sameAs":["http:\/\/casahoto.com"]}]}},"jetpack_sharing_enabled":true,"_links":{"self":[{"href":"https:\/\/www.casahoto.com\/es\/wp-json\/wp\/v2\/pages\/3201"}],"collection":[{"href":"https:\/\/www.casahoto.com\/es\/wp-json\/wp\/v2\/pages"}],"about":[{"href":"https:\/\/www.casahoto.com\/es\/wp-json\/wp\/v2\/types\/page"}],"author":[{"embeddable":true,"href":"https:\/\/www.casahoto.com\/es\/wp-json\/wp\/v2\/users\/1"}],"replies":[{"embeddable":true,"href":"https:\/\/www.casahoto.com\/es\/wp-json\/wp\/v2\/comments?post=3201"}],"version-history":[{"count":6,"href":"https:\/\/www.casahoto.com\/es\/wp-json\/wp\/v2\/pages\/3201\/revisions"}],"predecessor-version":[{"id":3451,"href":"https:\/\/www.casahoto.com\/es\/wp-json\/wp\/v2\/pages\/3201\/revisions\/3451"}],"wp:attachment":[{"href":"https:\/\/www.casahoto.com\/es\/wp-json\/wp\/v2\/media?parent=3201"}],"curies":[{"name":"wp","href":"https:\/\/api.w.org\/{rel}","templated":true}]}}